{"id":2151,"date":"2023-07-23T16:42:35","date_gmt":"2023-07-23T16:42:35","guid":{"rendered":"https:\/\/italia.trustycohost.com\/?page_id=2151"},"modified":"2024-04-01T13:40:57","modified_gmt":"2024-04-01T13:40:57","slug":"ground-services","status":"publish","type":"page","link":"https:\/\/italia.trustycohost.com\/index.php\/ground-services\/","title":{"rendered":"Servizi locali"},"content":{"rendered":"\t\t<div data-elementor-type=\"wp-page\" data-elementor-id=\"2151\" class=\"elementor elementor-2151\">\n\t\t\t\t\t\t\t\t\t<section class=\"elementor-section elementor-top-section elementor-element elementor-element-6c45027 elementor-section-boxed elementor-section-height-default elementor-section-height-default\" data-id=\"6c45027\" data-element_type=\"section\" data-settings=\"{&quot;background_background&quot;:&quot;classic&quot;}\">\n\t\t\t\t\t\t\t<div class=\"elementor-background-overlay\"><\/div>\n\t\t\t\t\t\t\t<div class=\"elementor-container elementor-column-gap-default\">\n\t\t\t\t\t<div class=\"elementor-column elementor-col-100 elementor-top-column elementor-element elementor-element-9a8743e\" data-id=\"9a8743e\" data-element_type=\"column\">\n\t\t\t<div class=\"elementor-widget-wrap elementor-element-populated\">\n\t\t\t\t\t\t\t\t<div class=\"elementor-element elementor-element-bbe5816 elementor-hidden-desktop elementor-widget elementor-widget-text-editor\" data-id=\"bbe5816\" data-element_type=\"widget\" data-widget_type=\"text-editor.default\">\n\t\t\t\t<div class=\"elementor-widget-container\">\n\t\t\t<style>\/*! elementor - v3.14.0 - 26-06-2023 *\/\n.elementor-widget-text-editor.elementor-drop-cap-view-stacked .elementor-drop-cap{background-color:#69727d;color:#fff}.elementor-widget-text-editor.elementor-drop-cap-view-framed .elementor-drop-cap{color:#69727d;border:3px solid;background-color:transparent}.elementor-widget-text-editor:not(.elementor-drop-cap-view-default) .elementor-drop-cap{margin-top:8px}.elementor-widget-text-editor:not(.elementor-drop-cap-view-default) .elementor-drop-cap-letter{width:1em;height:1em}.elementor-widget-text-editor .elementor-drop-cap{float:left;text-align:center;line-height:1;font-size:50px}.elementor-widget-text-editor .elementor-drop-cap-letter{display:inline-block}<\/style>\t\t\t\t<p>Servizi<\/p><p>Locali<\/p>\t\t\t\t\t\t<\/div>\n\t\t\t\t<\/div>\n\t\t\t\t<div class=\"elementor-element elementor-element-c19afa6 elementor-hidden-tablet elementor-hidden-mobile elementor-widget elementor-widget-text-editor\" data-id=\"c19afa6\" data-element_type=\"widget\" data-widget_type=\"text-editor.default\">\n\t\t\t\t<div class=\"elementor-widget-container\">\n\t\t\t\t\t\t\t<p>Servizi Locali<\/p>\t\t\t\t\t\t<\/div>\n\t\t\t\t<\/div>\n\t\t\t\t\t<\/div>\n\t\t<\/div>\n\t\t\t\t\t\t\t<\/div>\n\t\t<\/section>\n\t\t\t\t<section class=\"elementor-section elementor-top-section elementor-element elementor-element-5ff7405 elementor-section-boxed elementor-section-height-default elementor-section-height-default\" data-id=\"5ff7405\" data-element_type=\"section\">\n\t\t\t\t\t\t<div class=\"elementor-container elementor-column-gap-default\">\n\t\t\t\t\t<div class=\"elementor-column elementor-col-100 elementor-top-column elementor-element elementor-element-35b021b\" data-id=\"35b021b\" data-element_type=\"column\">\n\t\t\t<div class=\"elementor-widget-wrap elementor-element-populated\">\n\t\t\t\t\t\t\t\t<div class=\"elementor-element elementor-element-8ae800a elementor-widget elementor-widget-text-editor\" data-id=\"8ae800a\" data-element_type=\"widget\" data-widget_type=\"text-editor.default\">\n\t\t\t\t<div class=\"elementor-widget-container\">\n\t\t\t\t\t\t\t<p>Insieme a una efficace strategia di marketing e buona amministrazione, i servizi locali sono parte integrante di qualsiasi attivit\u00e0 di case vacanze. Questi comprendono tutte le attivit\u00e0 fisiche che devono essere eseguite durante l&#8217;anno come pulizia, lavanderia (lenzuola e asciugamani), allestimento (rifornimento di beni di prima necessit\u00e0) e manutenzione (cambio lampadine, disintasamento degli scarichi, risoluzione problemi TV e Wi-Fi, ecc.). \u00a0A seconda delle esigenze, pu\u00f2 essere incluso anche il servizio di accoglienza personale insieme alla consegna e al ritiro delle chiavi. \u00a0\u00a0Questi servizi possono essere forniti dal proprietario o da qualche altra persona fidata, sia essa un individuo o un gruppo.\u00a0\u00a0Competenza e professionalit\u00e0 sono fondamentali. Con alcune propriet\u00e0 che subiscono trenta o pi\u00f9 cambi durante l&#8217;anno, spesso lasciando solo poche ore tra gli ospiti in partenza e quelli in arrivo, il fornitore di servizi locali deve essere estremamente affidabile per garantire un funzionamento regolare ed efficiente dell&#8217;attivit\u00e0 e, in definitiva, il suo successo a lungo termine.<\/p>\t\t\t\t\t\t<\/div>\n\t\t\t\t<\/div>\n\t\t\t\t<div class=\"elementor-element elementor-element-b375e21 elementor-widget elementor-widget-text-editor\" data-id=\"b375e21\" data-element_type=\"widget\" data-widget_type=\"text-editor.default\">\n\t\t\t\t<div class=\"elementor-widget-container\">\n\t\t\t\t\t\t\t<p>Anche se la nostra attivit\u00e0 si concentra principalmente sulla fornitura di servizi di co-hosting e consulenza ai proprietari di case vacanza in tutto il mondo, forniamo servizi locali ad alcuni dei nostri clienti selezionati nella zona dei laghi, principalmente intorno al Lago Maggiore, Lago d\u2019Orta e nella provincia di Varese (come evidenziato nella mappa qui sotto). \u00a0Occasionalmente serviamo clienti le cui propriet\u00e0 si trovano in alcune parti del Lago di Como e Lago di Lugano e persino anche a Milano. \u00a0Oltre a quelli sopra elencati, i nostri servizi locali includono anche servizi fotografici e video completi (vedi pagina FAQ per maggiori dettagli).<\/p>\t\t\t\t\t\t<\/div>\n\t\t\t\t<\/div>\n\t\t\t\t<div class=\"elementor-element elementor-element-39dd826 elementor-widget elementor-widget-text-editor\" data-id=\"39dd826\" data-element_type=\"widget\" data-widget_type=\"text-editor.default\">\n\t\t\t\t<div class=\"elementor-widget-container\">\n\t\t\t\t\t\t\t<p>Le nostre tariffe per questi servizi dipendono dal tipo, dalle dimensioni e dall\u2019esatta ubicazione della propriet\u00e0. \u00a0Generalmente sono abbastanza competitivi e allineati alle tariffe medie nella zona, ma potremo fornire una stima pi\u00f9 accurata solo quando avremo maggiori informazioni sulla propriet\u00e0. \u00a0Come per i nostri servizi di consulenza e co-hosting, i compensi non sono soggetti ad alcuna imposta aggiuntiva (IVA, ecc.) e le fatture vengono emesse dopo la fornitura dei relativi servizi. \u00a0Per le prenotazioni elaborate tramite Airbnb, possiamo riscuotere alcune tariffe, come quelle per la pulizia, direttamente dalla societ\u00e0, utilizzando la funzione di \u201cpagamento frazionato\u201d di Airbnb precedentemente menzionata (vedi pagina FAQ per maggiori dettagli).<\/p>\t\t\t\t\t\t<\/div>\n\t\t\t\t<\/div>\n\t\t\t\t\t<\/div>\n\t\t<\/div>\n\t\t\t\t\t\t\t<\/div>\n\t\t<\/section>\n\t\t\t\t<section class=\"elementor-section elementor-top-section elementor-element elementor-element-7697683 elementor-section-boxed elementor-section-height-default elementor-section-height-default\" data-id=\"7697683\" data-element_type=\"section\">\n\t\t\t\t\t\t<div class=\"elementor-container elementor-column-gap-default\">\n\t\t\t\t\t<div class=\"elementor-column elementor-col-100 elementor-top-column elementor-element elementor-element-6bba63a\" data-id=\"6bba63a\" data-element_type=\"column\">\n\t\t\t<div class=\"elementor-widget-wrap elementor-element-populated\">\n\t\t\t\t\t\t\t\t<div class=\"elementor-element elementor-element-284eb75 elementor-widget elementor-widget-image\" data-id=\"284eb75\" data-element_type=\"widget\" data-widget_type=\"image.default\">\n\t\t\t\t<div class=\"elementor-widget-container\">\n\t\t\t<style>\/*! elementor - v3.14.0 - 26-06-2023 *\/\n.elementor-widget-image{text-align:center}.elementor-widget-image a{display:inline-block}.elementor-widget-image a img[src$=\".svg\"]{width:48px}.elementor-widget-image img{vertical-align:middle;display:inline-block}<\/style>\t\t\t\t\t\t\t\t\t\t\t\t<img decoding=\"async\" width=\"1024\" height=\"684\" src=\"https:\/\/italia.trustycohost.com\/wp-content\/uploads\/2023\/07\/ground-services-map-min-1024x684.jpg\" class=\"attachment-large size-large wp-image-2188\" alt=\"\" loading=\"lazy\" srcset=\"https:\/\/italia.trustycohost.com\/wp-content\/uploads\/2023\/07\/ground-services-map-min-1024x684.jpg 1024w, https:\/\/italia.trustycohost.com\/wp-content\/uploads\/2023\/07\/ground-services-map-min-300x200.jpg 300w, https:\/\/italia.trustycohost.com\/wp-content\/uploads\/2023\/07\/ground-services-map-min-768x513.jpg 768w, https:\/\/italia.trustycohost.com\/wp-content\/uploads\/2023\/07\/ground-services-map-min.jpg 1205w\" sizes=\"(max-width: 1024px) 100vw, 1024px\" \/>\t\t\t\t\t\t\t\t\t\t\t\t\t\t\t<\/div>\n\t\t\t\t<\/div>\n\t\t\t\t\t<\/div>\n\t\t<\/div>\n\t\t\t\t\t\t\t<\/div>\n\t\t<\/section>\n\t\t\t\t<section class=\"elementor-section elementor-top-section elementor-element elementor-element-03e6445 elementor-section-boxed elementor-section-height-default elementor-section-height-default\" data-id=\"03e6445\" data-element_type=\"section\">\n\t\t\t\t\t\t<div class=\"elementor-container elementor-column-gap-default\">\n\t\t\t\t\t<div class=\"elementor-column elementor-col-100 elementor-top-column elementor-element elementor-element-8e54367\" data-id=\"8e54367\" data-element_type=\"column\">\n\t\t\t<div class=\"elementor-widget-wrap elementor-element-populated\">\n\t\t\t\t\t\t\t\t<div class=\"elementor-element elementor-element-3993f2f elementor-widget elementor-widget-text-editor\" data-id=\"3993f2f\" data-element_type=\"widget\" data-widget_type=\"text-editor.default\">\n\t\t\t\t<div class=\"elementor-widget-container\">\n\t\t\t\t\t\t\t<p>Nella zona dei laghi, dove si trova la maggior parte delle propriet\u00e0 che gestiamo, conosciamo e collaboriamo con numerose aziende e individui che forniscono una variet\u00e0 di servizi locali ai nostri clienti. \u00a0Se non siamo in grado di fornirti questi servizi noi stessi, possiamo sicuramente consigliarti alcuni fornitori fidati e affidabili che sarebbero contenti di lavorare con te. \u00a0In questa situazione, coordineremmo tutto con loro, come parte dei nostri servizi di co-hosting standard, senza che tu debba fare nulla. \u00a0Li pagheresti quindi direttamente per i servizi forniti.<\/p>\t\t\t\t\t\t<\/div>\n\t\t\t\t<\/div>\n\t\t\t\t<div class=\"elementor-element elementor-element-952fd24 elementor-widget elementor-widget-text-editor\" data-id=\"952fd24\" data-element_type=\"widget\" data-widget_type=\"text-editor.default\">\n\t\t\t\t<div class=\"elementor-widget-container\">\n\t\t\t\t\t\t\t<p>Se hai qualche domanda o desideri ricevere un preventivo per i vari servizi locali che offriamo, contattaci e ne parleremo di pi\u00f9.<\/p>\t\t\t\t\t\t<\/div>\n\t\t\t\t<\/div>\n\t\t\t\t<div class=\"elementor-element elementor-element-7390ccc elementor-widget-divider--view-line elementor-widget elementor-widget-divider\" data-id=\"7390ccc\" data-element_type=\"widget\" data-widget_type=\"divider.default\">\n\t\t\t\t<div class=\"elementor-widget-container\">\n\t\t\t<style>\/*! elementor - v3.14.0 - 26-06-2023 *\/\n.elementor-widget-divider{--divider-border-style:none;--divider-border-width:1px;--divider-color:#0c0d0e;--divider-icon-size:20px;--divider-element-spacing:10px;--divider-pattern-height:24px;--divider-pattern-size:20px;--divider-pattern-url:none;--divider-pattern-repeat:repeat-x}.elementor-widget-divider .elementor-divider{display:flex}.elementor-widget-divider .elementor-divider__text{font-size:15px;line-height:1;max-width:95%}.elementor-widget-divider .elementor-divider__element{margin:0 var(--divider-element-spacing);flex-shrink:0}.elementor-widget-divider .elementor-icon{font-size:var(--divider-icon-size)}.elementor-widget-divider .elementor-divider-separator{display:flex;margin:0;direction:ltr}.elementor-widget-divider--view-line_icon .elementor-divider-separator,.elementor-widget-divider--view-line_text .elementor-divider-separator{align-items:center}.elementor-widget-divider--view-line_icon .elementor-divider-separator:after,.elementor-widget-divider--view-line_icon .elementor-divider-separator:before,.elementor-widget-divider--view-line_text .elementor-divider-separator:after,.elementor-widget-divider--view-line_text .elementor-divider-separator:before{display:block;content:\"\";border-bottom:0;flex-grow:1;border-top:var(--divider-border-width) var(--divider-border-style) var(--divider-color)}.elementor-widget-divider--element-align-left .elementor-divider .elementor-divider-separator>.elementor-divider__svg:first-of-type{flex-grow:0;flex-shrink:100}.elementor-widget-divider--element-align-left .elementor-divider-separator:before{content:none}.elementor-widget-divider--element-align-left .elementor-divider__element{margin-left:0}.elementor-widget-divider--element-align-right .elementor-divider .elementor-divider-separator>.elementor-divider__svg:last-of-type{flex-grow:0;flex-shrink:100}.elementor-widget-divider--element-align-right .elementor-divider-separator:after{content:none}.elementor-widget-divider--element-align-right .elementor-divider__element{margin-right:0}.elementor-widget-divider:not(.elementor-widget-divider--view-line_text):not(.elementor-widget-divider--view-line_icon) .elementor-divider-separator{border-top:var(--divider-border-width) var(--divider-border-style) var(--divider-color)}.elementor-widget-divider--separator-type-pattern{--divider-border-style:none}.elementor-widget-divider--separator-type-pattern.elementor-widget-divider--view-line .elementor-divider-separator,.elementor-widget-divider--separator-type-pattern:not(.elementor-widget-divider--view-line) .elementor-divider-separator:after,.elementor-widget-divider--separator-type-pattern:not(.elementor-widget-divider--view-line) .elementor-divider-separator:before,.elementor-widget-divider--separator-type-pattern:not([class*=elementor-widget-divider--view]) .elementor-divider-separator{width:100%;min-height:var(--divider-pattern-height);-webkit-mask-size:var(--divider-pattern-size) 100%;mask-size:var(--divider-pattern-size) 100%;-webkit-mask-repeat:var(--divider-pattern-repeat);mask-repeat:var(--divider-pattern-repeat);background-color:var(--divider-color);-webkit-mask-image:var(--divider-pattern-url);mask-image:var(--divider-pattern-url)}.elementor-widget-divider--no-spacing{--divider-pattern-size:auto}.elementor-widget-divider--bg-round{--divider-pattern-repeat:round}.rtl .elementor-widget-divider .elementor-divider__text{direction:rtl}.e-con-inner>.elementor-widget-divider,.e-con>.elementor-widget-divider{width:var(--container-widget-width,100%);--flex-grow:var(--container-widget-flex-grow)}<\/style>\t\t<div class=\"elementor-divider\">\n\t\t\t<span class=\"elementor-divider-separator\">\n\t\t\t\t\t\t<\/span>\n\t\t<\/div>\n\t\t\t\t<\/div>\n\t\t\t\t<\/div>\n\t\t\t\t\t<\/div>\n\t\t<\/div>\n\t\t\t\t\t\t\t<\/div>\n\t\t<\/section>\n\t\t\t\t\t\t\t<\/div>\n\t\t","protected":false},"excerpt":{"rendered":"<p>Servizi Locali Servizi Locali Insieme a una efficace strategia di marketing e buona amministrazione, i servizi locali sono parte integrante di qualsiasi attivit\u00e0 di case vacanze. Questi comprendono tutte le attivit\u00e0 fisiche che devono essere eseguite durante l&#8217;anno come pulizia, lavanderia (lenzuola e asciugamani), allestimento (rifornimento di beni di prima necessit\u00e0) e manutenzione (cambio lampadine, &hellip;<\/p>\n<p class=\"read-more\"> <a class=\"\" href=\"https:\/\/italia.trustycohost.com\/index.php\/ground-services\/\"> <span class=\"screen-reader-text\">Servizi locali<\/span> Read More &raquo;<\/a><\/p>\n","protected":false},"author":1,"featured_media":0,"parent":0,"menu_order":0,"comment_status":"closed","ping_status":"closed","template":"","meta":{"site-sidebar-layout":"no-sidebar","site-content-layout":"page-builder","ast-global-header-display":"","ast-banner-title-visibility":"","ast-main-header-display":"","ast-hfb-above-header-display":"","ast-hfb-below-header-display":"","ast-hfb-mobile-header-display":"","site-post-title":"disabled","ast-breadcrumbs-content":"","ast-featured-img":"disabled","footer-sml-layout":"","theme-transparent-header-meta":"","adv-header-id-meta":"","stick-header-meta":"","header-above-stick-meta":"","header-main-stick-meta":"","header-below-stick-meta":""},"_links":{"self":[{"href":"https:\/\/italia.trustycohost.com\/index.php\/wp-json\/wp\/v2\/pages\/2151"}],"collection":[{"href":"https:\/\/italia.trustycohost.com\/index.php\/wp-json\/wp\/v2\/pages"}],"about":[{"href":"https:\/\/italia.trustycohost.com\/index.php\/wp-json\/wp\/v2\/types\/page"}],"author":[{"embeddable":true,"href":"https:\/\/italia.trustycohost.com\/index.php\/wp-json\/wp\/v2\/users\/1"}],"replies":[{"embeddable":true,"href":"https:\/\/italia.trustycohost.com\/index.php\/wp-json\/wp\/v2\/comments?post=2151"}],"version-history":[{"count":104,"href":"https:\/\/italia.trustycohost.com\/index.php\/wp-json\/wp\/v2\/pages\/2151\/revisions"}],"predecessor-version":[{"id":3760,"href":"https:\/\/italia.trustycohost.com\/index.php\/wp-json\/wp\/v2\/pages\/2151\/revisions\/3760"}],"wp:attachment":[{"href":"https:\/\/italia.trustycohost.com\/index.php\/wp-json\/wp\/v2\/media?parent=2151"}],"curies":[{"name":"wp","href":"https:\/\/api.w.org\/{rel}","templated":true}]}}